{"id":461,"date":"2013-06-07T19:41:53","date_gmt":"2013-06-07T19:41:53","guid":{"rendered":"https:\/\/naccarato.org\/sthenri\/?page_id=461"},"modified":"2013-06-19T21:56:39","modified_gmt":"2013-06-19T21:56:39","slug":"the-southwest-fr","status":"publish","type":"page","link":"https:\/\/naccarato.org\/sthenri\/the-southwest-fr\/","title":{"rendered":"Le sud-ouest: Saint-Henri"},"content":{"rendered":"<p><a href=\"https:\/\/naccarato.org\/sthenri\/wp-content\/uploads\/2013\/05\/8098390481_5bf4f5321d_b.jpg\"><img loading=\"lazy\" decoding=\"async\" data-attachment-id=\"343\" data-permalink=\"https:\/\/naccarato.org\/sthenri\/gentrification\/8098390481_5bf4f5321d_b\/\" data-orig-file=\"https:\/\/i0.wp.com\/naccarato.org\/sthenri\/wp-content\/uploads\/2013\/05\/8098390481_5bf4f5321d_b.jpg?fit=850%2C567&amp;ssl=1\" data-orig-size=\"850,567\" data-comments-opened=\"1\" data-image-meta=\"{&quot;aperture&quot;:&quot;0&quot;,&quot;credit&quot;:&quot;&quot;,&quot;camera&quot;:&quot;&quot;,&quot;caption&quot;:&quot;&quot;,&quot;created_timestamp&quot;:&quot;0&quot;,&quot;copyright&quot;:&quot;&quot;,&quot;focal_length&quot;:&quot;0&quot;,&quot;iso&quot;:&quot;0&quot;,&quot;shutter_speed&quot;:&quot;0&quot;,&quot;title&quot;:&quot;&quot;}\" data-image-title=\"8098390481_5bf4f5321d_b\" data-image-description=\"\" data-image-caption=\"\" data-medium-file=\"https:\/\/i0.wp.com\/naccarato.org\/sthenri\/wp-content\/uploads\/2013\/05\/8098390481_5bf4f5321d_b.jpg?fit=300%2C200&amp;ssl=1\" data-large-file=\"https:\/\/i0.wp.com\/naccarato.org\/sthenri\/wp-content\/uploads\/2013\/05\/8098390481_5bf4f5321d_b.jpg?fit=631%2C421&amp;ssl=1\" class=\"aligncenter size-full wp-image-343\" alt=\"8098390481_5bf4f5321d_b\" src=\"http:\/\/upload.wikimedia.org\/wikipedia\/commons\/a\/a2\/Place_Saint-Henri_01.jpg\" width=\"850\" height=\"567\" \/><\/a><\/p>\n<p style=\"text-align: justify;\"><b>Saint-Henri<\/b>\u00a0\u00a0est un quartier dans le sud-ouest de Montr\u00e9al, Qu\u00e9bec, Canada situ\u00e9 dans l\u2019arrondissement du Sud-Ouest.\u00a0Saint-Henri est g\u00e9n\u00e9ralement consid\u00e9r\u00e9 comme limit\u00e9 \u00e0 l\u2019est par l\u2019avenue Atwater, \u00e0 l\u2019ouest par l\u2019autoroute 15, au nord par l\u2019autoroute 720, et au sud par le\u00a0<a title=\"Canal Lachine\" href=\"http:\/\/en.wikipedia.org\/wiki\/Lachine_Canal\">canal de Lachine<\/a>.<\/p>\n<p style=\"text-align: justify;\">Saint-Henri, est historiquement connu comme un quartier canadien fran\u00e7ais et irlandais de classe ouvri\u00e8re et souvent en contraste avec le secteur plus riche de Westmount \u00a0qui regarde vers le bas au-dessus du Saint-Jacques escarpement (Falaise Saint-Jacques)\u00a0<strong>*<\/strong>, la municipalit\u00e9 a \u00e9t\u00e9 incorpor\u00e9e dans la ville de Montr\u00e9al en 1905.\u00a0La mairie d\u2019arrondissement pour Le Sud-Ouest est situ\u00e9e \u00e0 Saint-Henri, dans une ancienne usine, t\u00e9moignant de patrimoine industriel de l\u2019arrondissement.\u00a0Au cours des derni\u00e8res ann\u00e9es, il a \u00e9t\u00e9 fortement affect\u00e9 par\u00a0\u00a0<a title=\"Gentrification\" href=\"http:\/\/en.m.wikipedia.org\/wiki\/Gentrification\">la gentrification<\/a>.<\/p>\n<p style=\"text-align: justify;\">Le quartier, a \u00e9t\u00e9 \u00e0 un moment connu sous le nom Tanneries en raison des nombreuses boutiques d\u2019artisanat o\u00f9 le tannage du cuir a eu lieu.\u00a0Le secteur est nomm\u00e9 d\u2019apr\u00e8s\u00a0\u00a0<a title=\"Henry II, empereur romain germanique\" href=\"http:\/\/en.wikipedia.org\/wiki\/Henry_II,_Holy_Roman_Emperor\">Saint-\u00a0Henry<\/a>\u00a0\u00a0via l\u2019\u00c9glise Saint-Henri, qui \u00e0 un moment faisait partie de la\u00a0\u00a0<a title=\"Place Saint-Henri (page n'existe pas)\" href=\"http:\/\/en.wikipedia.org\/w\/index.php?title=Place_Saint-Henri&amp;action=edit&amp;redlink=1\">Place Saint-Henri<\/a>\u00a0\u00a0 et comprenait \u00e9galement le feu de la communaut\u00e9 et de la station de police.\u00a0Beaucoup de notables b\u00e2timents Art d\u00e9co du quartier, y compris du March\u00e9 Atwater et le n \u00b0 23 caserne de pompiers, ont \u00e9t\u00e9 con\u00e7us par\u00a0\u00a0<a title=\"Ludger Lemieux\" href=\"http:\/\/en.m.wikipedia.org\/wiki\/Ludger_Lemieux\">Ludger Lemieux<\/a>.<\/p>\n<p style=\"text-align: justify;\"><a href=\"https:\/\/i0.wp.com\/naccarato.org\/sthenri\/wp-content\/uploads\/2013\/06\/Caserne-de-pompier-no.-23-place-Saint-Henri-Montr%C3%A9al.jpg?ssl=1\"><img data-recalc-dims=\"1\" loading=\"lazy\" decoding=\"async\" data-attachment-id=\"549\" data-permalink=\"https:\/\/naccarato.org\/sthenri\/le-sud-ouest-saint-henri\/caserne-de-pompier-no-23-place-saint-henri-montreal\/\" data-orig-file=\"https:\/\/i0.wp.com\/naccarato.org\/sthenri\/wp-content\/uploads\/2013\/06\/Caserne-de-pompier-no.-23-place-Saint-Henri-Montr%C3%A9al.jpg?fit=800%2C600&amp;ssl=1\" data-orig-size=\"800,600\" data-comments-opened=\"1\" data-image-meta=\"{&quot;aperture&quot;:&quot;0&quot;,&quot;credit&quot;:&quot;&quot;,&quot;camera&quot;:&quot;&quot;,&quot;caption&quot;:&quot;&quot;,&quot;created_timestamp&quot;:&quot;0&quot;,&quot;copyright&quot;:&quot;&quot;,&quot;focal_length&quot;:&quot;0&quot;,&quot;iso&quot;:&quot;0&quot;,&quot;shutter_speed&quot;:&quot;0&quot;,&quot;title&quot;:&quot;&quot;}\" data-image-title=\"Caserne de pompier no. 23, place Saint-Henri, Montr\u00e9al\" data-image-description=\"\" data-image-caption=\"\" data-medium-file=\"https:\/\/i0.wp.com\/naccarato.org\/sthenri\/wp-content\/uploads\/2013\/06\/Caserne-de-pompier-no.-23-place-Saint-Henri-Montr%C3%A9al.jpg?fit=300%2C225&amp;ssl=1\" data-large-file=\"https:\/\/i0.wp.com\/naccarato.org\/sthenri\/wp-content\/uploads\/2013\/06\/Caserne-de-pompier-no.-23-place-Saint-Henri-Montr%C3%A9al.jpg?fit=631%2C473&amp;ssl=1\" class=\"alignleft size-medium wp-image-549\" alt=\"Caserne de pompier no. 23, place Saint-Henri, Montr\u00e9al\" src=\"https:\/\/i0.wp.com\/naccarato.org\/sthenri\/wp-content\/uploads\/2013\/06\/Caserne-de-pompier-no.-23-place-Saint-Henri-Montr%C3%A9al.jpg?resize=300%2C225&#038;ssl=1\" width=\"300\" height=\"225\" srcset=\"https:\/\/i0.wp.com\/naccarato.org\/sthenri\/wp-content\/uploads\/2013\/06\/Caserne-de-pompier-no.-23-place-Saint-Henri-Montr%C3%A9al.jpg?resize=300%2C225&amp;ssl=1 300w, https:\/\/i0.wp.com\/naccarato.org\/sthenri\/wp-content\/uploads\/2013\/06\/Caserne-de-pompier-no.-23-place-Saint-Henri-Montr%C3%A9al.jpg?w=800&amp;ssl=1 800w\" sizes=\"(max-width: 300px) 100vw, 300px\" \/><\/a><\/p>\n<p style=\"text-align: justify;\">Le caract\u00e8re de la classe ouvri\u00e8re du quartier a \u00e9t\u00e9 soulign\u00e9 dans l\u2019\u0153uvre de\u00a0\u00a0<a title=\"Gabrielle Roy\" href=\"http:\/\/en.m.wikipedia.org\/wiki\/Gabrielle_Roy\">Gabrielle Roy<\/a>\u00a0\u00a0dans son roman\u00a0\u00a0<a title=\"The Tin Flute\" href=\"http:\/\/en.m.wikipedia.org\/wiki\/The_Tin_Flute\"><i>Le Bonheur d\u2019occasion<\/i><\/a><i>\u00a0\u00a0(Bonheur d\u2019occasion)<\/i>.\u00a0L\u2019homme fort\u00a0\u00a0<a title=\"Louis Cyr\" href=\"http:\/\/en.m.wikipedia.org\/wiki\/Louis_Cyr\">Louis Cyr<\/a>\u00a0\u00a0\u00a0a v\u00e9cu et a servi comme officier de police \u00e0 Saint-Henri.\u00a0Le c\u00e9l\u00e8bre pianiste de jazz\u00a0\u00a0<a title=\"Oscar Peterson\" href=\"http:\/\/en.m.wikipedia.org\/wiki\/Oscar_Peterson\">Oscar Peterson<\/a>\u00a0\u00a0a grandi dans\u00a0\u00a0<a title=\"Petite-Bourgogne\" href=\"http:\/\/en.m.wikipedia.org\/wiki\/Little_Burgundy\">la Petite Bourgogne<\/a>, qui est le quartier voisin de Saint-Henri. L\u2019humoriste\u00a0\u00a0<a title=\"Yvon Deschamps\" href=\"http:\/\/en.m.wikipedia.org\/wiki\/Yvon_Deschamps\">Yvon Deschamps<\/a>\u00a0\u00a0a trait\u00e9 la lutte quotidienne des citoyens de Saint-Henri avec humour melancholie.Aussi les premiers jours de l\u2019agitation de la gare ferroviaire des voyageurs \u00e0 Saint-Henri a \u00e9t\u00e9 immortalis\u00e9 dans la chanson\u00a0 &#8211; Place St-Henri.<\/p>\n<p style=\"text-align: justify;\">Saint-Henri a fait l\u2019objet de deux\u00a0documentaries de\u00a0<a title=\"Office national du film du Canada\" href=\"http:\/\/en.m.wikipedia.org\/wiki\/National_Film_Board_of_Canada\">Office national du film du Canada<\/a>\u00a0\u00a0(ONF), chaque film traite \u00a0d\u2019une journ\u00e9e dans la vie du quartier.\u00a0En 1962,\u00a0\u00a0<a title=\"Hubert Aquin\" href=\"http:\/\/en.m.wikipedia.org\/wiki\/Hubert_Aquin\">Hubert Aquin<\/a>\u00a0\u00a0a dirig\u00e9\u00a0\u00a0<i>\u00e0 St-Henri Le Cinq septembre<\/i>\u00a0\u00a0(\u00a0<i>Septembre Cinq \u00e0 Saint-Henri<\/i>\u00a0).\u00a0En 2010, le directeur Shannon Walsh et producteur Sarah Spring supervis\u00e9 une \u00e9quipe de seize vid\u00e9astes qui ont suivi les r\u00e9sidents de la r\u00e9gion au cours d\u2019une journ\u00e9e d\u2019un \u00e9t\u00e9 \u00a0\u00a0<i>\u00e0 St-Henri le 26 ao\u00fbt<\/i>\u00a0, un ONF \/ Parabola Films coproduction inspir\u00e9e d\u2019Aquin\u00a0\u00a0cin\u00e9ma v\u00e9rit\u00e9\u00a0\u00a0classique.\u00a0<a href=\"http:\/\/en.m.wikipedia.org\/wiki\/Saint-Henri,_Montreal#cite_note-mirror-6\">[6]<\/a><\/p>\n<p style=\"text-align: justify;\">\n<p style=\"text-align: justify;\">Mat\u00e9riel d&#8217;origine pour l&#8217;article (wikipedia). Modifi\u00e9 par John Naccarato.<\/p>\n","protected":false},"excerpt":{"rendered":"<p class=\"excerpt\">Saint-Henri\u00a0\u00a0est un quartier dans le sud-ouest de Montr\u00e9al, Qu\u00e9bec, Canada situ\u00e9 dans l\u2019arrondissement du Sud-Ouest.\u00a0Saint-Henri est g\u00e9n\u00e9ralement consid\u00e9r\u00e9 comme limit\u00e9 \u00e0 l\u2019est par l\u2019avenue Atwater, \u00e0 l\u2019ouest par l\u2019autoroute 15, au nord par l\u2019autoroute 720, et au sud par le\u00a0canal de Lachine. Saint-Henri, est historiquement connu comme un quartier canadien fran\u00e7ais et irlandais de classe ouvri\u00e8re et souvent en contraste&hellip;<\/p>\n<p class=\"more-link-p\"><a class=\"btn btn-default\" href=\"https:\/\/naccarato.org\/sthenri\/the-southwest-fr\/\">Read more<\/a><\/p>\n","protected":false},"author":1,"featured_media":0,"parent":0,"menu_order":0,"comment_status":"closed","ping_status":"closed","template":"","meta":{"footnotes":""},"class_list":["post-461","page","type-page","status-publish","hentry"],"jetpack_sharing_enabled":true,"jetpack-related-posts":[],"jetpack_shortlink":"https:\/\/wp.me\/P3Bp5m-7r","_links":{"self":[{"href":"https:\/\/naccarato.org\/sthenri\/wp-json\/wp\/v2\/pages\/461"}],"collection":[{"href":"https:\/\/naccarato.org\/sthenri\/wp-json\/wp\/v2\/pages"}],"about":[{"href":"https:\/\/naccarato.org\/sthenri\/wp-json\/wp\/v2\/types\/page"}],"author":[{"embeddable":true,"href":"https:\/\/naccarato.org\/sthenri\/wp-json\/wp\/v2\/users\/1"}],"replies":[{"embeddable":true,"href":"https:\/\/naccarato.org\/sthenri\/wp-json\/wp\/v2\/comments?post=461"}],"version-history":[{"count":0,"href":"https:\/\/naccarato.org\/sthenri\/wp-json\/wp\/v2\/pages\/461\/revisions"}],"wp:attachment":[{"href":"https:\/\/naccarato.org\/sthenri\/wp-json\/wp\/v2\/media?parent=461"}],"curies":[{"name":"wp","href":"https:\/\/api.w.org\/{rel}","templated":true}]}}