{"id":582,"date":"2013-06-06T18:14:55","date_gmt":"2013-06-06T18:14:55","guid":{"rendered":"https:\/\/naccarato.org\/sthenri\/?page_id=582"},"modified":"2013-06-19T21:57:05","modified_gmt":"2013-06-19T21:57:05","slug":"canal-de-lachine","status":"publish","type":"page","link":"https:\/\/naccarato.org\/sthenri\/canal-de-lachine\/","title":{"rendered":"Canal de Lachine"},"content":{"rendered":"<p style=\"text-align: justify;\">Le\u00a0\u00a0<b>canal de Lachine\u00a0<\/b>est un\u00a0\u00a0<a title=\"Canal\" href=\"http:\/\/en.wikipedia.org\/wiki\/Canal\">canal<\/a>\u00a0\u00a0traversant la partie sud-ouest de l&#8217;\u00a0\u00a0<a title=\"\u00cele de Montr\u00e9al\" href=\"http:\/\/en.wikipedia.org\/wiki\/Island_of_Montreal\">\u00eele de Montr\u00e9al<\/a>\u00a0,\u00a0<a title=\"Qu\u00e9bec\" href=\"http:\/\/en.wikipedia.org\/wiki\/Quebec\">Qu\u00e9bec<\/a>\u00a0,\u00a0\u00a0<a title=\"Canada\" href=\"http:\/\/en.wikipedia.org\/wiki\/Canada\">Canada<\/a>\u00a0, courir 14,5 km du\u00a0\u00a0<a title=\"Vieux-Port de Montr\u00e9al\" href=\"http:\/\/en.wikipedia.org\/wiki\/Old_Port_of_Montreal\">Vieux-Port de Montr\u00e9al<\/a>\u00a0\u00a0au\u00a0\u00a0<a title=\"Lac Saint-Louis\" href=\"http:\/\/en.wikipedia.org\/wiki\/Lake_Saint-Louis\">Lac Saint-Louis<\/a>\u00a0, \u00e0 travers les arrondissements de\u00a0\u00a0<a title=\"Lachine (arrondissement)\" href=\"http:\/\/en.wikipedia.org\/wiki\/Lachine_(borough)\">Lachine<\/a>\u00a0,\u00a0<a title=\"LaSalle, Qu\u00e9bec\" href=\"http:\/\/en.wikipedia.org\/wiki\/LaSalle,_Quebec\">Lasalle<\/a>\u00a0\u00a0et\u00a0\u00a0<a title=\"Sud-Ouest\" href=\"http:\/\/en.wikipedia.org\/wiki\/Sud-Ouest\">Sud-Ouest<\/a>\u00a0.<\/p>\n<p style=\"text-align: justify;\">Le canal tire son nom du mot fran\u00e7ais pour la Chine (La Chine).\u00a0Les explorateurs europ\u00e9ens r\u00eavait de trouver une route de la Nouvelle-France \u00e0 la mer de l&#8217;Ouest et l\u00e0 sur la Chine\u00a0<a href=\"http:\/\/en.wikipedia.org\/wiki\/Lachine_Canal#cite_note-2\">[2]<\/a>\u00a0\u00a0, et donc sous les meilleurs auspices la r\u00e9gion o\u00f9 le canal a \u00e9t\u00e9 construit a \u00e9t\u00e9 nomm\u00e9 Lachine.<\/p>\n<div id=\"attachment_576\" style=\"width: 600px\" class=\"wp-caption aligncenter\"><a href=\"https:\/\/i0.wp.com\/naccarato.org\/sthenri\/wp-content\/uploads\/2013\/06\/LachineCanal1920.jpg?ssl=1\"><img data-recalc-dims=\"1\" loading=\"lazy\" decoding=\"async\" aria-describedby=\"caption-attachment-576\" data-attachment-id=\"576\" data-permalink=\"https:\/\/naccarato.org\/sthenri\/the-lachine-canal\/lachinecanal1920\/\" data-orig-file=\"https:\/\/i0.wp.com\/naccarato.org\/sthenri\/wp-content\/uploads\/2013\/06\/LachineCanal1920.jpg?fit=590%2C439&amp;ssl=1\" data-orig-size=\"590,439\" data-comments-opened=\"1\" data-image-meta=\"{&quot;aperture&quot;:&quot;0&quot;,&quot;credit&quot;:&quot;&quot;,&quot;camera&quot;:&quot;&quot;,&quot;caption&quot;:&quot;&quot;,&quot;created_timestamp&quot;:&quot;0&quot;,&quot;copyright&quot;:&quot;&quot;,&quot;focal_length&quot;:&quot;0&quot;,&quot;iso&quot;:&quot;0&quot;,&quot;shutter_speed&quot;:&quot;0&quot;,&quot;title&quot;:&quot;&quot;}\" data-image-title=\"Lachine Canal 1920\" data-image-description=\"\" data-image-caption=\"\" data-medium-file=\"https:\/\/i0.wp.com\/naccarato.org\/sthenri\/wp-content\/uploads\/2013\/06\/LachineCanal1920.jpg?fit=300%2C223&amp;ssl=1\" data-large-file=\"https:\/\/i0.wp.com\/naccarato.org\/sthenri\/wp-content\/uploads\/2013\/06\/LachineCanal1920.jpg?fit=590%2C439&amp;ssl=1\" class=\"size-full wp-image-576\" alt=\"Lachine Canal 1920\" src=\"https:\/\/i0.wp.com\/naccarato.org\/sthenri\/wp-content\/uploads\/2013\/06\/LachineCanal1920.jpg?resize=590%2C439&#038;ssl=1\" width=\"590\" height=\"439\" srcset=\"https:\/\/i0.wp.com\/naccarato.org\/sthenri\/wp-content\/uploads\/2013\/06\/LachineCanal1920.jpg?w=590&amp;ssl=1 590w, https:\/\/i0.wp.com\/naccarato.org\/sthenri\/wp-content\/uploads\/2013\/06\/LachineCanal1920.jpg?resize=300%2C223&amp;ssl=1 300w\" sizes=\"(max-width: 590px) 100vw, 590px\" \/><\/a><p id=\"caption-attachment-576\" class=\"wp-caption-text\">Canal de Lachine 1920<\/p><\/div>\n<p style=\"text-align: justify;\">L&#8217;impact du canal de Lachine \u00e0 Montr\u00e9al au cours de la deuxi\u00e8me moiti\u00e9 des ann\u00e9es du 19e si\u00e8cle peut \u00eatre vu \u00e0 travers l&#8217;\u00e9mergence de nouveaux quartiers ouvriers comme Griffintown, St-Henri, Pointe St-Charles.\u00a0<a href=\"http:\/\/en.wikipedia.org\/wiki\/Lachine_Canal#cite_note-8\">[8]<\/a>\u00a0\u00a0En outre, la population de Montr\u00e9al a augment\u00e9 de plus quatre fois entre le milieu du 19e si\u00e8cle et au d\u00e9but du 20e si\u00e8cle.\u00a0<a href=\"http:\/\/en.wikipedia.org\/wiki\/Lachine_Canal#cite_note-9\">[9]<\/a><\/p>\n<p style=\"text-align: justify;\">L&#8217;une des principales raisons de la croissance de la r\u00e9gion du canal de Lachine a \u00e9t\u00e9 l&#8217;acc\u00e8s \u00e0 l&#8217;\u00e9nergie hydraulique qui a \u00e9t\u00e9 fourni par l&#8217;approfondissement de canal dans les ann\u00e9es 1840.\u00a0<a href=\"http:\/\/en.wikipedia.org\/wiki\/Lachine_Canal#cite_note-10\">[10]<\/a>\u00a0\u00a0Tout au long du milieu \u00e0 la fin du 19e si\u00e8cle, l&#8217;industrie tout au long des rives du canal connu une croissance constante gr\u00e2ce \u00e0 l&#8217;acc\u00e8s \u00e0 cette source d&#8217;\u00e9nergie.\u00a0Cependant, \u00e0 la fin du 19e si\u00e8cle, les usines ont commenc\u00e9 \u00e0 utiliser les usines aliment\u00e9es \u00e0 la vapeur, par opposition \u00e0 l&#8217;\u00e9nergie hydraulique.\u00a0<a href=\"http:\/\/en.wikipedia.org\/wiki\/Lachine_Canal#cite_note-11\">[11]<\/a>\u00a0\u00a0Bien que ce commutateur n&#8217;a pas d&#8217;abord affecter la r\u00e9gion du canal de Lachine d&#8217;une mani\u00e8re n\u00e9gative, les usines ne sont plus d\u00e9pendants sur le canal comme source d&#8217;\u00e9nergie.\u00a0Industries a d\u00e9sormais la possibilit\u00e9 de construire de plus en plus loin dans le canal lui-m\u00eame, qui a \u00e9galement \u00e9t\u00e9 aid\u00e9 par le d\u00e9veloppement d&#8217;un syst\u00e8me de chemin de fer \u00e0 travers la r\u00e9gion industrielle de Montr\u00e9al.\u00a0<a href=\"http:\/\/en.wikipedia.org\/wiki\/Lachine_Canal#cite_note-12\">[12]<\/a><\/p>\n<p style=\"text-align: justify;\">Le canal a continu\u00e9 \u00e0 op\u00e9rer avec succ\u00e8s jusqu&#8217;en 1950, mais maintenant, entour\u00e9 par les d\u00e9veloppements industriels qui a contribu\u00e9 \u00e0 cr\u00e9er, il ne pouvait pas \u00eatre \u00e9largi pour faire face \u00e0 l&#8217;augmentation continue de la taille des navires.\u00a0Le canal est devenu obsol\u00e8te dans la deuxi\u00e8me moiti\u00e9 du 20e si\u00e8cle, \u00e9tant remplac\u00e9 par le\u00a0\u00a0<a title=\"Voie maritime du Saint-Laurent\" href=\"http:\/\/en.wikipedia.org\/wiki\/St._Lawrence_Seaway\">Saint-\u00a0Laurent<\/a>\u00a0, qui a ouvert en 1959.\u00a0Le canal a finalement \u00e9t\u00e9 ferm\u00e9 \u00e0 la navigation en 1970.L&#8217;ouverture de la Voie maritime et le d\u00e9clin de la navigation sur le canal conduit \u00e0 la d\u00e9vastation des quartiers qui bordent le canal de Montr\u00e9al\u00a0\u00a0<i><a title=\"Le Sud-Ouest\" href=\"http:\/\/en.wikipedia.org\/wiki\/Le_Sud-Ouest\">Le Sud-Ouest<\/a><\/i>\u00a0\u00a0de l&#8217;arrondissement en raison de l&#8217;\u00e9volution des tendances du d\u00e9veloppement industriel et maritime.<\/p>\n<p style=\"text-align: justify;\"><strong>Le complexe industriel du canal de Lachine<\/strong><\/p>\n<p style=\"text-align: justify;\">A son apog\u00e9e de 1880 \u00e0 1940, le secteur industriel et manufacturier \u00e0 c\u00f4t\u00e9 du canal \u00e9tait autrefois le plus important au Canada en termes de nombre d&#8217;entreprises et de la diversit\u00e9 de sa production.\u00a0\u00c0 un moment donn\u00e9, plus de 20% de la population active de la\u00a0\u00a0<a title=\"\u00cele de Montr\u00e9al\" href=\"http:\/\/en.wikipedia.org\/wiki\/Island_of_Montreal\">\u00cele de Montr\u00e9al<\/a>\u00a0\u00a0a \u00e9t\u00e9 employ\u00e9 dans ses usines.\u00a0Compte tenu de son importance historique, le \u00abcomplexe industriel du canal de Lachine&#8221; a \u00e9t\u00e9 d\u00e9sign\u00e9\u00a0\u00a0<a title=\"Lieux historiques nationaux du Canada\" href=\"http:\/\/en.wikipedia.org\/wiki\/National_Historic_Sites_of_Canada\">lieu historique national du Canada<\/a>\u00a0\u00a0en 1996, en plus de la d\u00e9signation d\u00e9j\u00e0 b\u00e9n\u00e9fici\u00e9 par le canal lui-m\u00eame.\u00a0<a href=\"http:\/\/en.wikipedia.org\/wiki\/Lachine_Canal#cite_note-15\">[15]\u00a0<\/a><a href=\"http:\/\/en.wikipedia.org\/wiki\/Lachine_Canal#cite_note-16\">[16]<\/a><\/p>\n<p style=\"text-align: justify;\"><strong>Gentrification<\/strong><\/p>\n<p style=\"text-align: justify;\">Au cours des deux derni\u00e8res d\u00e9cennies, le canal a connu une forte augmentation dans le d\u00e9veloppement r\u00e9sidentiel et commercial.\u00a0Dans ce qui \u00e9tait autrefois un quartier industriel tr\u00e8s lourd,\u00a0\u00a0<a title=\"Pointe-Saint-Charles\" href=\"http:\/\/en.wikipedia.org\/wiki\/Pointe-Saint-Charles\">Pointe-Saint-Charles<\/a>\u00a0\u00a0et\u00a0\u00a0<a title=\"Saint-Henri\" href=\"http:\/\/en.wikipedia.org\/wiki\/Saint-Henri\">Saint-Henri<\/a>\u00a0\u00a0sont devenus tr\u00e8s haut et districts \u00e0 venir.\u00a0Les valeurs de l&#8217;immobilier ont explos\u00e9 et de nombreux promoteurs immobiliers ont transform\u00e9 les anciennes usines et des entrep\u00f4ts industriels si\u00e8cle, comme celle de\u00a0\u00a0<a title=\"Dominion Textiles (page n'existe pas)\" href=\"http:\/\/en.wikipedia.org\/w\/index.php?title=Dominion_Textiles&amp;action=edit&amp;redlink=1\">Dominion Textiles<\/a>\u00a0(5524 Saint-Patrick, maintenant\u00a0\u00a0<a href=\"http:\/\/www.complexedompark.com\/\" rel=\"nofollow\">Complexe Dompark<\/a>\u00a0) &amp; \u00a0\u00a0<a title=\"Simmons Bedding Company\" href=\"http:\/\/en.wikipedia.org\/wiki\/Simmons_Bedding_Company\">Simmons Bedding Company<\/a>\u00a0\u00a0(4710 St-Ambroise, maintenant \u00a0\u00a0<a href=\"http:\/\/www.complexecanallachine.com\/\" rel=\"nofollow\">Complexe du Canal Lachine<\/a>\u00a0) dans b\u00e2timents prestigieux loft.\u00a0Complexe Dompark a r\u00e9cemment c\u00e9l\u00e9br\u00e9 son 100e anniversaire et abrite aujourd&#8217;hui plus de 90 multim\u00e9dia, de la mode, de l&#8217;\u00e9dition et des soci\u00e9t\u00e9s bas\u00e9s sur l&#8217;industrie service en lofts con\u00e7us sur mesure.\u00a0La zone autour du\u00a0\u00a0<a title=\"March\u00e9 Atwater\" href=\"http:\/\/en.wikipedia.org\/wiki\/Atwater_Market\">march\u00e9 Atwater<\/a>\u00a0\u00a0est devenu l&#8217;un des quartiers r\u00e9sidentiels les plus pris\u00e9s de Montr\u00e9al pour les propri\u00e9taires de condos.\u00a0Beaucoup de ceci est gr\u00e2ce \u00e0 l&#8217;effort continu pour nettoyer le canal.<\/p>\n<p style=\"text-align: justify;\">L&#8217;ancienne\u00a0\u00a0<a title=\"Sucre Redpath\" href=\"http:\/\/en.wikipedia.org\/wiki\/Redpath_Sugar\">Redpath Sugar<\/a>\u00a0\u00a0raffinerie de St-Patrick et Montmorency est maintenant partiellement\u00a0\u00a0<a title=\"Lofts Redpath (page n'existe pas)\" href=\"http:\/\/en.wikipedia.org\/w\/index.php?title=Lofts_Redpath&amp;action=edit&amp;redlink=1\">Lofts Redpath<\/a>\u00a0, converti apr\u00e8s avoir \u00e9t\u00e9 abandonn\u00e9e depuis 1980.<\/p>\n<p><strong>Source de l&#8217;article:\u00a0<\/strong>\u00a0<a title=\"Wikepedia\" href=\"http:\/\/en.wikipedia.org\/wiki\/Lachine_Canal#Development\" target=\"_blank\">Wikipedia<\/a>\u00a0\u00a0| Edit\u00e9 par: John Naccarato<\/p>\n<p><strong>Autres liens:<\/strong><\/p>\n<p><a title=\"Canal Lachine\" href=\"http:\/\/www.pc.gc.ca\/eng\/lhn-nhs\/qc\/canallachine\/natcul\/natcul2\/c.aspx\" target=\"_blank\">Canal de Lachine Lieu historique national: Le berceau de l&#8217;industrialisation<\/a><\/p>\n","protected":false},"excerpt":{"rendered":"<p class=\"excerpt\">Le\u00a0\u00a0canal de Lachine\u00a0est un\u00a0\u00a0canal\u00a0\u00a0traversant la partie sud-ouest de l&#8217;\u00a0\u00a0\u00eele de Montr\u00e9al\u00a0,\u00a0Qu\u00e9bec\u00a0,\u00a0\u00a0Canada\u00a0, courir 14,5 km du\u00a0\u00a0Vieux-Port de Montr\u00e9al\u00a0\u00a0au\u00a0\u00a0Lac Saint-Louis\u00a0, \u00e0 travers les arrondissements de\u00a0\u00a0Lachine\u00a0,\u00a0Lasalle\u00a0\u00a0et\u00a0\u00a0Sud-Ouest\u00a0. Le canal tire son nom du mot fran\u00e7ais pour la Chine (La Chine).\u00a0Les explorateurs europ\u00e9ens r\u00eavait de trouver une route de la Nouvelle-France \u00e0 la mer de l&#8217;Ouest et l\u00e0 sur la Chine\u00a0[2]\u00a0\u00a0, et donc sous les&hellip;<\/p>\n<p class=\"more-link-p\"><a class=\"btn btn-default\" href=\"https:\/\/naccarato.org\/sthenri\/canal-de-lachine\/\">Read more<\/a><\/p>\n","protected":false},"author":1,"featured_media":0,"parent":0,"menu_order":0,"comment_status":"closed","ping_status":"closed","template":"","meta":{"footnotes":""},"class_list":["post-582","page","type-page","status-publish","hentry"],"jetpack_sharing_enabled":true,"jetpack-related-posts":[],"jetpack_shortlink":"https:\/\/wp.me\/P3Bp5m-9o","_links":{"self":[{"href":"https:\/\/naccarato.org\/sthenri\/wp-json\/wp\/v2\/pages\/582"}],"collection":[{"href":"https:\/\/naccarato.org\/sthenri\/wp-json\/wp\/v2\/pages"}],"about":[{"href":"https:\/\/naccarato.org\/sthenri\/wp-json\/wp\/v2\/types\/page"}],"author":[{"embeddable":true,"href":"https:\/\/naccarato.org\/sthenri\/wp-json\/wp\/v2\/users\/1"}],"replies":[{"embeddable":true,"href":"https:\/\/naccarato.org\/sthenri\/wp-json\/wp\/v2\/comments?post=582"}],"version-history":[{"count":0,"href":"https:\/\/naccarato.org\/sthenri\/wp-json\/wp\/v2\/pages\/582\/revisions"}],"wp:attachment":[{"href":"https:\/\/naccarato.org\/sthenri\/wp-json\/wp\/v2\/media?parent=582"}],"curies":[{"name":"wp","href":"https:\/\/api.w.org\/{rel}","templated":true}]}}